{"id":128,"date":"2025-12-23T15:32:16","date_gmt":"2025-12-23T15:32:16","guid":{"rendered":"http:\/\/ericksstudio.se\/?page_id=128"},"modified":"2026-03-17T17:52:03","modified_gmt":"2026-03-17T17:52:03","slug":"previous-pieces","status":"publish","type":"page","link":"https:\/\/ericksstudio.se\/en\/previous-pieces\/","title":{"rendered":"Previous pieces \u2192"},"content":{"rendered":"<p class=\"has-text-align-center\">A curated collection of pieces, each detail carefully considered for timeless design and lasting quality.<\/p>\n\n\n\n<div style=\"height:37px\" aria-hidden=\"true\" class=\"wp-block-spacer\"><\/div>\n\n\n\n<p class=\"has-text-align-center has-x-large-font-size\">Tidigare Verk<\/p>\n\n\n\n<hr class=\"wp-block-separator has-alpha-channel-opacity\" style=\"margin-top:var(--wp--preset--spacing--20);margin-bottom:var(--wp--preset--spacing--20)\"\/>\n\n\n\n<figure class=\"wp-block-gallery alignwide has-nested-images columns-2 is-cropped has-accent-5-background-color has-background wp-block-gallery-1 is-layout-flex wp-block-gallery-is-layout-flex\" style=\"border-width:3px;border-top-left-radius:0px;border-top-right-radius:0px;border-bottom-left-radius:0px;border-bottom-right-radius:0px\">\n<figure class=\"wp-block-image size-full has-custom-border\"><img loading=\"lazy\" decoding=\"async\" width=\"747\" height=\"360\" data-id=\"163\" src=\"http:\/\/ericksstudio.se\/wp-content\/uploads\/2025\/12\/arrow-1.jpg\" alt=\"\" class=\"wp-image-163\" style=\"border-style:none;border-width:0px\" srcset=\"https:\/\/ericksstudio.se\/wp-content\/uploads\/2025\/12\/arrow-1.jpg 747w, https:\/\/ericksstudio.se\/wp-content\/uploads\/2025\/12\/arrow-1-300x145.jpg 300w, https:\/\/ericksstudio.se\/wp-content\/uploads\/2025\/12\/arrow-1-600x289.jpg 600w\" sizes=\"auto, (max-width: 747px) 100vw, 747px\" \/><\/figure>\n\n\n\n<figure class=\"wp-block-image size-full\"><img loading=\"lazy\" decoding=\"async\" width=\"800\" height=\"533\" data-id=\"162\" src=\"http:\/\/ericksstudio.se\/wp-content\/uploads\/2025\/12\/arrow.webp\" alt=\"\" class=\"wp-image-162\" srcset=\"https:\/\/ericksstudio.se\/wp-content\/uploads\/2025\/12\/arrow.webp 800w, https:\/\/ericksstudio.se\/wp-content\/uploads\/2025\/12\/arrow-300x200.webp 300w, https:\/\/ericksstudio.se\/wp-content\/uploads\/2025\/12\/arrow-768x512.webp 768w, https:\/\/ericksstudio.se\/wp-content\/uploads\/2025\/12\/arrow-600x400.webp 600w\" sizes=\"auto, (max-width: 800px) 100vw, 800px\" \/><\/figure>\n\n\n\n<figure class=\"wp-block-image size-full\"><img loading=\"lazy\" decoding=\"async\" width=\"512\" height=\"512\" data-id=\"164\" src=\"http:\/\/ericksstudio.se\/wp-content\/uploads\/2025\/12\/Aston-martin-vantage-mountain-road-1.png\" alt=\"\" class=\"wp-image-164\" srcset=\"https:\/\/ericksstudio.se\/wp-content\/uploads\/2025\/12\/Aston-martin-vantage-mountain-road-1.png 512w, https:\/\/ericksstudio.se\/wp-content\/uploads\/2025\/12\/Aston-martin-vantage-mountain-road-1-300x300.png 300w, https:\/\/ericksstudio.se\/wp-content\/uploads\/2025\/12\/Aston-martin-vantage-mountain-road-1-150x150.png 150w, https:\/\/ericksstudio.se\/wp-content\/uploads\/2025\/12\/Aston-martin-vantage-mountain-road-1-100x100.png 100w\" sizes=\"auto, (max-width: 512px) 100vw, 512px\" \/><\/figure>\n\n\n\n<figure class=\"wp-block-image size-full\"><img loading=\"lazy\" decoding=\"async\" width=\"1810\" height=\"2560\" data-id=\"165\" src=\"http:\/\/ericksstudio.se\/wp-content\/uploads\/2025\/12\/Axev.1-1-scaled.png\" alt=\"\" class=\"wp-image-165\" srcset=\"https:\/\/ericksstudio.se\/wp-content\/uploads\/2025\/12\/Axev.1-1-scaled.png 1810w, https:\/\/ericksstudio.se\/wp-content\/uploads\/2025\/12\/Axev.1-1-212x300.png 212w, https:\/\/ericksstudio.se\/wp-content\/uploads\/2025\/12\/Axev.1-1-724x1024.png 724w, https:\/\/ericksstudio.se\/wp-content\/uploads\/2025\/12\/Axev.1-1-768x1086.png 768w, https:\/\/ericksstudio.se\/wp-content\/uploads\/2025\/12\/Axev.1-1-1086x1536.png 1086w, https:\/\/ericksstudio.se\/wp-content\/uploads\/2025\/12\/Axev.1-1-1448x2048.png 1448w, https:\/\/ericksstudio.se\/wp-content\/uploads\/2025\/12\/Axev.1-1-600x849.png 600w\" sizes=\"auto, (max-width: 1810px) 100vw, 1810px\" \/><\/figure>\n\n\n\n<figure class=\"wp-block-image size-full\"><img loading=\"lazy\" decoding=\"async\" width=\"581\" height=\"583\" data-id=\"168\" src=\"http:\/\/ericksstudio.se\/wp-content\/uploads\/2025\/12\/Crow.webp\" alt=\"\" class=\"wp-image-168\" srcset=\"https:\/\/ericksstudio.se\/wp-content\/uploads\/2025\/12\/Crow.webp 581w, https:\/\/ericksstudio.se\/wp-content\/uploads\/2025\/12\/Crow-300x300.webp 300w, https:\/\/ericksstudio.se\/wp-content\/uploads\/2025\/12\/Crow-150x150.webp 150w, https:\/\/ericksstudio.se\/wp-content\/uploads\/2025\/12\/Crow-100x100.webp 100w\" sizes=\"auto, (max-width: 581px) 100vw, 581px\" \/><\/figure>\n\n\n\n<figure class=\"wp-block-image size-full\"><img loading=\"lazy\" decoding=\"async\" width=\"991\" height=\"854\" data-id=\"169\" src=\"http:\/\/ericksstudio.se\/wp-content\/uploads\/2025\/12\/Duva.webp\" alt=\"\" class=\"wp-image-169\" srcset=\"https:\/\/ericksstudio.se\/wp-content\/uploads\/2025\/12\/Duva.webp 991w, https:\/\/ericksstudio.se\/wp-content\/uploads\/2025\/12\/Duva-300x259.webp 300w, https:\/\/ericksstudio.se\/wp-content\/uploads\/2025\/12\/Duva-768x662.webp 768w, https:\/\/ericksstudio.se\/wp-content\/uploads\/2025\/12\/Duva-600x517.webp 600w\" sizes=\"auto, (max-width: 991px) 100vw, 991px\" \/><\/figure>\n\n\n\n<figure class=\"wp-block-image size-large\"><img loading=\"lazy\" decoding=\"async\" width=\"1024\" height=\"1024\" data-id=\"173\" src=\"http:\/\/ericksstudio.se\/wp-content\/uploads\/2025\/12\/cat1.webp\" alt=\"\" class=\"wp-image-173\" srcset=\"https:\/\/ericksstudio.se\/wp-content\/uploads\/2025\/12\/cat1.webp 1024w, https:\/\/ericksstudio.se\/wp-content\/uploads\/2025\/12\/cat1-300x300.webp 300w, https:\/\/ericksstudio.se\/wp-content\/uploads\/2025\/12\/cat1-150x150.webp 150w, https:\/\/ericksstudio.se\/wp-content\/uploads\/2025\/12\/cat1-768x768.webp 768w, https:\/\/ericksstudio.se\/wp-content\/uploads\/2025\/12\/cat1-600x600.webp 600w, https:\/\/ericksstudio.se\/wp-content\/uploads\/2025\/12\/cat1-100x100.webp 100w\" sizes=\"auto, (max-width: 1024px) 100vw, 1024px\" \/><\/figure>\n\n\n\n<figure class=\"wp-block-image size-large\"><img loading=\"lazy\" decoding=\"async\" width=\"1024\" height=\"538\" data-id=\"170\" src=\"http:\/\/ericksstudio.se\/wp-content\/uploads\/2025\/12\/faceit-woo-1024x538.webp\" alt=\"\" class=\"wp-image-170\" srcset=\"https:\/\/ericksstudio.se\/wp-content\/uploads\/2025\/12\/faceit-woo-1024x538.webp 1024w, https:\/\/ericksstudio.se\/wp-content\/uploads\/2025\/12\/faceit-woo-300x158.webp 300w, https:\/\/ericksstudio.se\/wp-content\/uploads\/2025\/12\/faceit-woo-768x403.webp 768w, https:\/\/ericksstudio.se\/wp-content\/uploads\/2025\/12\/faceit-woo-600x315.webp 600w, https:\/\/ericksstudio.se\/wp-content\/uploads\/2025\/12\/faceit-woo.webp 1200w\" sizes=\"auto, (max-width: 1024px) 100vw, 1024px\" \/><\/figure>\n<\/figure>\n\n\n\n<p><\/p>","protected":false},"excerpt":{"rendered":"<p>En samling tidigare verk d\u00e4r varje detalj \u00e4r noggrant avv\u00e4gd f\u00f6r tidl\u00f6s form och best\u00e5ende kvalitet. Tidigare Verk<\/p>","protected":false},"author":1,"featured_media":0,"parent":0,"menu_order":0,"comment_status":"closed","ping_status":"closed","template":"","meta":{"footnotes":""},"class_list":["post-128","page","type-page","status-publish","hentry"],"_links":{"self":[{"href":"https:\/\/ericksstudio.se\/en\/wp-json\/wp\/v2\/pages\/128","targetHints":{"allow":["GET"]}}],"collection":[{"href":"https:\/\/ericksstudio.se\/en\/wp-json\/wp\/v2\/pages"}],"about":[{"href":"https:\/\/ericksstudio.se\/en\/wp-json\/wp\/v2\/types\/page"}],"author":[{"embeddable":true,"href":"https:\/\/ericksstudio.se\/en\/wp-json\/wp\/v2\/users\/1"}],"replies":[{"embeddable":true,"href":"https:\/\/ericksstudio.se\/en\/wp-json\/wp\/v2\/comments?post=128"}],"version-history":[{"count":21,"href":"https:\/\/ericksstudio.se\/en\/wp-json\/wp\/v2\/pages\/128\/revisions"}],"predecessor-version":[{"id":334,"href":"https:\/\/ericksstudio.se\/en\/wp-json\/wp\/v2\/pages\/128\/revisions\/334"}],"wp:attachment":[{"href":"https:\/\/ericksstudio.se\/en\/wp-json\/wp\/v2\/media?parent=128"}],"curies":[{"name":"wp","href":"https:\/\/api.w.org\/{rel}","templated":true}]}}