{"id":311,"date":"2026-03-17T16:47:48","date_gmt":"2026-03-17T16:47:48","guid":{"rendered":"http:\/\/ericksstudio.se\/?page_id=311"},"modified":"2026-03-17T18:33:43","modified_gmt":"2026-03-17T18:33:43","slug":"present-pieces","status":"publish","type":"page","link":"https:\/\/ericksstudio.se\/en\/present-pieces\/","title":{"rendered":""},"content":{"rendered":"<div style=\"height:13px\" aria-hidden=\"true\" class=\"wp-block-spacer\"><\/div>\n\n\n\n<p class=\"has-text-align-center has-x-large-font-size\">Current Collection<\/p>\n\n\n\n<p class=\"has-text-align-center\">Our current collection. Pieces of finite production, designed for generational relevance.<\/p>\n\n\n\n<hr class=\"wp-block-separator has-alpha-channel-opacity\"\/>\n\n\n\n<figure class=\"wp-block-gallery alignwide has-nested-images columns-1 is-cropped has-accent-5-background-color has-background wp-block-gallery-1 is-layout-flex wp-block-gallery-is-layout-flex\" style=\"border-width:3px;border-top-left-radius:0px;border-top-right-radius:0px;border-bottom-left-radius:0px;border-bottom-right-radius:0px\">\n<figure class=\"wp-block-image size-full\" style=\"margin-top:var(--wp--preset--spacing--60);margin-right:var(--wp--preset--spacing--60);margin-bottom:var(--wp--preset--spacing--60);margin-left:var(--wp--preset--spacing--60)\"><a href=\"http:\/\/ericksstudio.se\/wp-content\/uploads\/2026\/03\/Obsidian_Laviathan.webp\"><img loading=\"lazy\" decoding=\"async\" width=\"1359\" height=\"733\" data-id=\"315\" src=\"http:\/\/ericksstudio.se\/wp-content\/uploads\/2026\/03\/Obsidian_Laviathan.webp\" alt=\"\" class=\"wp-image-315\" style=\"aspect-ratio:1\" srcset=\"https:\/\/ericksstudio.se\/wp-content\/uploads\/2026\/03\/Obsidian_Laviathan.webp 1359w, https:\/\/ericksstudio.se\/wp-content\/uploads\/2026\/03\/Obsidian_Laviathan-300x162.webp 300w, https:\/\/ericksstudio.se\/wp-content\/uploads\/2026\/03\/Obsidian_Laviathan-1024x552.webp 1024w, https:\/\/ericksstudio.se\/wp-content\/uploads\/2026\/03\/Obsidian_Laviathan-768x414.webp 768w, https:\/\/ericksstudio.se\/wp-content\/uploads\/2026\/03\/Obsidian_Laviathan-18x10.webp 18w, https:\/\/ericksstudio.se\/wp-content\/uploads\/2026\/03\/Obsidian_Laviathan-600x324.webp 600w\" sizes=\"auto, (max-width: 1359px) 100vw, 1359px\" \/><\/a><\/figure>\n\n\n\n<figure class=\"wp-block-image size-full\"><a href=\"http:\/\/ericksstudio.se\/wp-content\/uploads\/2026\/03\/Orca.webp\"><img loading=\"lazy\" decoding=\"async\" width=\"996\" height=\"628\" data-id=\"319\" src=\"http:\/\/ericksstudio.se\/wp-content\/uploads\/2026\/03\/Orca.webp\" alt=\"\" class=\"wp-image-319\" style=\"aspect-ratio:1\" srcset=\"https:\/\/ericksstudio.se\/wp-content\/uploads\/2026\/03\/Orca.webp 996w, https:\/\/ericksstudio.se\/wp-content\/uploads\/2026\/03\/Orca-300x189.webp 300w, https:\/\/ericksstudio.se\/wp-content\/uploads\/2026\/03\/Orca-768x484.webp 768w, https:\/\/ericksstudio.se\/wp-content\/uploads\/2026\/03\/Orca-18x12.webp 18w, https:\/\/ericksstudio.se\/wp-content\/uploads\/2026\/03\/Orca-600x378.webp 600w\" sizes=\"auto, (max-width: 996px) 100vw, 996px\" \/><\/a><\/figure>\n\n\n\n<figure class=\"wp-block-image size-full\"><a href=\"http:\/\/ericksstudio.se\/wp-content\/uploads\/2026\/03\/tettrt.jpg\"><img loading=\"lazy\" decoding=\"async\" width=\"736\" height=\"736\" data-id=\"317\" src=\"http:\/\/ericksstudio.se\/wp-content\/uploads\/2026\/03\/tettrt.jpg\" alt=\"\" class=\"wp-image-317\" style=\"aspect-ratio:1\" srcset=\"https:\/\/ericksstudio.se\/wp-content\/uploads\/2026\/03\/tettrt.jpg 736w, https:\/\/ericksstudio.se\/wp-content\/uploads\/2026\/03\/tettrt-300x300.jpg 300w, https:\/\/ericksstudio.se\/wp-content\/uploads\/2026\/03\/tettrt-150x150.jpg 150w, https:\/\/ericksstudio.se\/wp-content\/uploads\/2026\/03\/tettrt-12x12.jpg 12w, https:\/\/ericksstudio.se\/wp-content\/uploads\/2026\/03\/tettrt-600x600.jpg 600w, https:\/\/ericksstudio.se\/wp-content\/uploads\/2026\/03\/tettrt-100x100.jpg 100w\" sizes=\"auto, (max-width: 736px) 100vw, 736px\" \/><\/a><\/figure>\n\n\n\n<figure class=\"wp-block-image size-full\"><a href=\"http:\/\/ericksstudio.se\/wp-content\/uploads\/2026\/03\/trpkgrdg-scaled.png\"><img loading=\"lazy\" decoding=\"async\" width=\"2560\" height=\"398\" data-id=\"320\" src=\"http:\/\/ericksstudio.se\/wp-content\/uploads\/2026\/03\/trpkgrdg-scaled.png\" alt=\"\" class=\"wp-image-320\" style=\"aspect-ratio:1\" srcset=\"https:\/\/ericksstudio.se\/wp-content\/uploads\/2026\/03\/trpkgrdg-scaled.png 2560w, https:\/\/ericksstudio.se\/wp-content\/uploads\/2026\/03\/trpkgrdg-300x47.png 300w, https:\/\/ericksstudio.se\/wp-content\/uploads\/2026\/03\/trpkgrdg-1024x159.png 1024w, https:\/\/ericksstudio.se\/wp-content\/uploads\/2026\/03\/trpkgrdg-768x119.png 768w, https:\/\/ericksstudio.se\/wp-content\/uploads\/2026\/03\/trpkgrdg-1536x239.png 1536w, https:\/\/ericksstudio.se\/wp-content\/uploads\/2026\/03\/trpkgrdg-2048x318.png 2048w, https:\/\/ericksstudio.se\/wp-content\/uploads\/2026\/03\/trpkgrdg-18x3.png 18w, https:\/\/ericksstudio.se\/wp-content\/uploads\/2026\/03\/trpkgrdg-600x93.png 600w\" sizes=\"auto, (max-width: 2560px) 100vw, 2560px\" \/><\/a><\/figure>\n<\/figure>\n\n\n\n<p><\/p>","protected":false},"excerpt":{"rendered":"<p>Nuvarande Kollektion V\u00e5r nuvarande kollektion. Verk i begr\u00e4nsad upplaga, skapade f\u00f6r tidl\u00f6s relevans.<\/p>","protected":false},"author":1,"featured_media":0,"parent":0,"menu_order":0,"comment_status":"closed","ping_status":"closed","template":"","meta":{"footnotes":""},"class_list":["post-311","page","type-page","status-publish","hentry"],"_links":{"self":[{"href":"https:\/\/ericksstudio.se\/en\/wp-json\/wp\/v2\/pages\/311","targetHints":{"allow":["GET"]}}],"collection":[{"href":"https:\/\/ericksstudio.se\/en\/wp-json\/wp\/v2\/pages"}],"about":[{"href":"https:\/\/ericksstudio.se\/en\/wp-json\/wp\/v2\/types\/page"}],"author":[{"embeddable":true,"href":"https:\/\/ericksstudio.se\/en\/wp-json\/wp\/v2\/users\/1"}],"replies":[{"embeddable":true,"href":"https:\/\/ericksstudio.se\/en\/wp-json\/wp\/v2\/comments?post=311"}],"version-history":[{"count":13,"href":"https:\/\/ericksstudio.se\/en\/wp-json\/wp\/v2\/pages\/311\/revisions"}],"predecessor-version":[{"id":344,"href":"https:\/\/ericksstudio.se\/en\/wp-json\/wp\/v2\/pages\/311\/revisions\/344"}],"wp:attachment":[{"href":"https:\/\/ericksstudio.se\/en\/wp-json\/wp\/v2\/media?parent=311"}],"curies":[{"name":"wp","href":"https:\/\/api.w.org\/{rel}","templated":true}]}}