{"id":77,"date":"2025-12-23T12:33:30","date_gmt":"2025-12-23T12:33:30","guid":{"rendered":"http:\/\/ericksstudio.se\/?page_id=77"},"modified":"2026-03-19T22:15:55","modified_gmt":"2026-03-19T22:15:55","slug":"hem","status":"publish","type":"page","link":"https:\/\/ericksstudio.se\/en\/","title":{"rendered":"Home"},"content":{"rendered":"<div class=\"wp-block-group alignfull has-global-padding is-layout-constrained wp-container-core-group-is-layout-0c9c989a wp-block-group-is-layout-constrained\" style=\"min-height:0vh;margin-top:0;margin-bottom:0;padding-top:var(--wp--preset--spacing--70);padding-right:var(--wp--preset--spacing--40);padding-bottom:var(--wp--preset--spacing--70);padding-left:var(--wp--preset--spacing--40)\">\n<div class=\"wp-block-group has-global-padding is-layout-constrained wp-container-core-group-is-layout-346627ba wp-block-group-is-layout-constrained\">\n<h2 class=\"wp-block-heading has-text-align-center\" style=\"margin-right:0;margin-left:0;padding-right:0;padding-left:0;font-size:clamp(1.378rem, 1.378rem + ((1vw - 0.2rem) * 1.368), 2.25rem);line-height:1.2\">Welcome to <\/h2>\n\n\n\n<h1 class=\"wp-block-heading has-text-align-center\" style=\"font-size:clamp(2.2rem, 2.2rem + ((1vw - 0.2rem) * 2.824), 4rem);line-height:1.2\">Ericks Studio<\/h1>\n\n\n\n<h4 class=\"wp-block-heading has-text-align-center\" style=\"font-size:clamp(14px, 0.875rem + ((1vw - 3.2px) * 0.588), 20px);line-height:2.2\">Pieces that accompany life<\/h4>\n\n\n\n<div class=\"wp-block-buttons is-content-justification-center is-layout-flex wp-container-core-buttons-is-layout-a89b3969 wp-block-buttons-is-layout-flex\"><\/div>\n<\/div>\n<\/div>\n\n\n\n<div class=\"wp-block-group alignfull is-style-section-1 has-contrast-color has-base-background-color has-text-color has-background has-link-color has-large-font-size wp-elements-d3ac346468dbc650925cefb697a0ef1a is-nowrap is-layout-flex wp-container-core-group-is-layout-ca472bc5 wp-block-group-is-layout-flex is-style-section-1--1\" style=\"border-style:none;border-width:0px;min-height:0px;margin-top:0;margin-bottom:0;padding-top:var(--wp--preset--spacing--80);padding-right:0;padding-bottom:var(--wp--preset--spacing--80);padding-left:0\">\n<div class=\"wp-block-columns alignwide is-layout-flex wp-container-core-columns-is-layout-66fad18a wp-block-columns-is-layout-flex\">\n<div class=\"wp-block-column is-layout-flow wp-block-column-is-layout-flow\" style=\"padding-right:var(--wp--preset--spacing--50);flex-basis:45%\">\n<figure class=\"wp-block-image size-full\"><img decoding=\"async\" src=\"http:\/\/ericksstudio.se\/wp-content\/themes\/twentytwentyfive\/assets\/images\/red-hibiscus-closeup.webp\" alt=\"Photography close up of a red flower.\"\/><\/figure>\n\n\n\n<div class=\"wp-block-group has-global-padding is-layout-constrained wp-block-group-is-layout-constrained\" style=\"margin-top:-12vw\">\n<figure class=\"wp-block-image alignright size-full is-resized\" style=\"margin-right:-5vw;margin-left:-5vw\"><img decoding=\"async\" src=\"http:\/\/ericksstudio.se\/wp-content\/themes\/twentytwentyfive\/assets\/images\/grid-flower-2.webp\" alt=\"Black and white photography close up of a flower.\" style=\"aspect-ratio:0.7057924332587214;width:228px;height:auto\"\/><\/figure>\n<\/div>\n<\/div>\n\n\n\n<div class=\"wp-block-column is-vertically-aligned-center is-style-default has-xx-large-font-size is-layout-flow wp-block-column-is-layout-flow\" style=\"padding-top:0;padding-right:0;padding-bottom:0;padding-left:0;line-height:1.3;flex-basis:40%\">\n<div class=\"wp-block-group is-vertical is-layout-flex wp-container-core-group-is-layout-fe9cc265 wp-block-group-is-layout-flex\">\n<h2 class=\"wp-block-heading is-style-text-annotation has-contrast-color has-base-background-color has-text-color has-background has-link-color wp-elements-820462472b2f5b6b56065d95db766a45 is-style-text-annotation--2\"><a href=\"http:\/\/ericksstudio.se\/en\/previous-pieces\/\">Previous pieces \u2192<\/a><\/h2>\n<\/div>\n\n\n\n<h4 class=\"wp-block-heading has-text-align-left is-style-text-subtitle has-contrast-color has-text-color has-link-color wp-elements-b546045e429e55b71eb3777bff4b19d6 is-style-text-subtitle--3\" style=\"margin-right:var(--wp--preset--spacing--20);margin-left:var(--wp--preset--spacing--20);font-size:clamp(0.984rem, 0.984rem + ((1vw - 0.2rem) * 0.809), 1.5rem);line-height:1.2\">Tidigare kollektioner d\u00e4r varje detalj \u00e4r avv\u00e4gd f\u00f6r tidl\u00f6s relevans, d\u00e4r varje verk \u00e4r skapat f\u00f6r att ber\u00e4tta sin historia.<\/h4>\n<\/div>\n<\/div>\n<\/div>\n\n\n\n<div class=\"wp-block-group alignfull has-global-padding is-layout-constrained wp-container-core-group-is-layout-ebee8dc1 wp-block-group-is-layout-constrained\" style=\"margin-top:0;margin-bottom:0;padding-top:var(--wp--preset--spacing--50);padding-bottom:var(--wp--preset--spacing--50)\">\n<div style=\"height:93px\" aria-hidden=\"true\" class=\"wp-block-spacer\"><\/div>\n\n\n\n<h2 class=\"wp-block-heading has-text-align-left is-style-text-subtitle has-x-large-font-size is-style-text-subtitle--4\">A carefully curated selection of pieces, designed for lasting function and timeless aesthetics.<\/h2>\n\n\n\n<div class=\"wp-block-columns alignwide is-layout-flex wp-container-core-columns-is-layout-28f84493 wp-block-columns-is-layout-flex\">\n<div class=\"wp-block-column is-layout-flow wp-block-column-is-layout-flow\">\n<figure class=\"wp-block-image size-full\" style=\"margin-bottom:24px\"><img decoding=\"async\" src=\"http:\/\/ericksstudio.se\/wp-content\/themes\/twentytwentyfive\/assets\/images\/campanula-alliariifolia-flower.webp\" alt=\"Image for service\" style=\"aspect-ratio:1;object-fit:cover\"\/><\/figure>\n\n\n\n<h3 class=\"wp-block-heading\">Produktnamn #1<\/h3>\n\n\n\n<p class=\"has-medium-font-size\">Like flowers that bloom in unexpected places, every story unfolds with beauty and resilience<\/p>\n<\/div>\n\n\n\n<div class=\"wp-block-column is-layout-flow wp-block-column-is-layout-flow\">\n<figure class=\"wp-block-image size-full\" style=\"margin-bottom:24px\"><img decoding=\"async\" src=\"http:\/\/ericksstudio.se\/wp-content\/themes\/twentytwentyfive\/assets\/images\/delphinium-flowers.webp\" alt=\"Image for service\" style=\"aspect-ratio:1;object-fit:cover\"\/><\/figure>\n\n\n\n<h3 class=\"wp-block-heading\">Produktnamn #2<\/h3>\n\n\n\n<p class=\"has-medium-font-size\">Like flowers that bloom in unexpected places, every story unfolds with beauty and resilience<\/p>\n<\/div>\n\n\n\n<div class=\"wp-block-column is-layout-flow wp-block-column-is-layout-flow\"><\/div>\n<\/div>\n\n\n\n<h2 class=\"wp-block-heading alignwide has-text-align-left is-style-text-annotation is-style-text-annotation--5\"><a href=\"http:\/\/ericksstudio.se\/en\/product-category\/tillgangliga-arbeten\/\" data-type=\"page\" data-id=\"128\">More pieces \u2192<\/a><\/h2>\n<\/div>\n\n\n\n<div class=\"wp-block-group alignfull has-global-padding is-layout-constrained wp-block-group-is-layout-constrained\" style=\"margin-top:0;margin-bottom:0;padding-top:var(--wp--preset--spacing--60);padding-bottom:var(--wp--preset--spacing--60)\">\n<div style=\"height:4px\" aria-hidden=\"true\" class=\"wp-block-spacer\"><\/div>\n<\/div>\n\n\n\n<aside class=\"wp-block-group alignfull is-style-section-1 has-global-padding is-layout-constrained wp-container-core-group-is-layout-f0f2a97b wp-block-group-is-layout-constrained is-style-section-1--6\" style=\"margin-top:0;margin-bottom:0;padding-top:var(--wp--preset--spacing--50);padding-right:var(--wp--preset--spacing--50);padding-bottom:var(--wp--preset--spacing--50);padding-left:var(--wp--preset--spacing--50)\">\n<div style=\"height:43px\" aria-hidden=\"true\" class=\"wp-block-spacer\"><\/div>\n\n\n\n<div class=\"wp-block-group is-vertical is-content-justification-center is-layout-flex wp-container-core-group-is-layout-8778ca4a wp-block-group-is-layout-flex\" style=\"min-height:360px;margin-top:0;margin-bottom:0\">\n<h2 class=\"wp-block-heading has-text-align-center has-contrast-color has-text-color has-link-color has-xx-large-font-size wp-elements-bdc4b3db154f0986e55968f596e9c75f\">Have questions?<\/h2>\n\n\n\n<p class=\"has-text-align-center is-style-text-subtitle has-large-font-size is-style-text-subtitle--7\">For questions regarding pieces, care, or warranty, you are welcome to get in touch.<\/p>\n\n\n\n<div class=\"wp-block-group is-nowrap is-layout-flex wp-container-core-group-is-layout-6c531013 wp-block-group-is-layout-flex\">\n<div style=\"height:0px\" aria-hidden=\"true\" class=\"wp-block-spacer wp-container-content-62aae154\"><\/div>\n\n\n\n<h2 class=\"wp-block-heading alignwide has-text-align-center is-style-text-annotation has-contrast-color has-text-color has-link-color wp-elements-60a5e4c6bd4907705044633305bf554d is-style-text-annotation--8\"><a href=\"http:\/\/ericksstudio.se\/en\/contact\/\" data-type=\"page\" data-id=\"217\">Get in touch \u2192<\/a><\/h2>\n<\/div>\n\n\n\n<div class=\"wp-block-buttons is-content-justification-center is-layout-flex wp-container-core-buttons-is-layout-a89b3969 wp-block-buttons-is-layout-flex\"><\/div>\n<\/div>\n\n\n\n<div style=\"height:28px\" aria-hidden=\"true\" class=\"wp-block-spacer\"><\/div>\n<\/aside>\n\n\n\n<p><\/p>","protected":false},"excerpt":{"rendered":"<p>V\u00e4lkommen till Ericks Studio Verk som f\u00f6ljer livet Tidigare verk \u2192 Tidigare kollektioner d\u00e4r varje detalj \u00e4r avv\u00e4gd f\u00f6r tidl\u00f6s relevans, d\u00e4r varje verk \u00e4r skapat f\u00f6r att ber\u00e4tta sin historia. Ett noggrant utvalt urval verk, skapade f\u00f6r varaktig funktion och tidl\u00f6s estetik. Produktnamn #1 Like flowers that bloom in unexpected places, every story unfolds [&hellip;]<\/p>\n","protected":false},"author":1,"featured_media":0,"parent":0,"menu_order":0,"comment_status":"closed","ping_status":"closed","template":"","meta":{"footnotes":""},"class_list":["post-77","page","type-page","status-publish","hentry"],"_links":{"self":[{"href":"https:\/\/ericksstudio.se\/en\/wp-json\/wp\/v2\/pages\/77","targetHints":{"allow":["GET"]}}],"collection":[{"href":"https:\/\/ericksstudio.se\/en\/wp-json\/wp\/v2\/pages"}],"about":[{"href":"https:\/\/ericksstudio.se\/en\/wp-json\/wp\/v2\/types\/page"}],"author":[{"embeddable":true,"href":"https:\/\/ericksstudio.se\/en\/wp-json\/wp\/v2\/users\/1"}],"replies":[{"embeddable":true,"href":"https:\/\/ericksstudio.se\/en\/wp-json\/wp\/v2\/comments?post=77"}],"version-history":[{"count":39,"href":"https:\/\/ericksstudio.se\/en\/wp-json\/wp\/v2\/pages\/77\/revisions"}],"predecessor-version":[{"id":350,"href":"https:\/\/ericksstudio.se\/en\/wp-json\/wp\/v2\/pages\/77\/revisions\/350"}],"wp:attachment":[{"href":"https:\/\/ericksstudio.se\/en\/wp-json\/wp\/v2\/media?parent=77"}],"curies":[{"name":"wp","href":"https:\/\/api.w.org\/{rel}","templated":true}]}}